{"id":13,"date":"2026-01-21T16:41:17","date_gmt":"2026-01-21T16:41:17","guid":{"rendered":"https:\/\/estherpeluqueros.rkinformatika.online\/?page_id=13"},"modified":"2026-01-22T13:52:58","modified_gmt":"2026-01-22T13:52:58","slug":"servicios","status":"publish","type":"page","link":"https:\/\/estherpeluqueros.es\/en\/servicios\/","title":{"rendered":"Services"},"content":{"rendered":"<div data-elementor-type=\"wp-page\" data-elementor-id=\"13\" class=\"elementor elementor-13\" data-elementor-post-type=\"page\">\n\t\t\t\t<div class=\"elementor-element elementor-element-8d4f4db e-flex e-con-boxed e-con e-parent\" data-id=\"8d4f4db\" data-element_type=\"container\" data-e-type=\"container\" data-settings=\"{&quot;background_background&quot;:&quot;classic&quot;}\">\n\t\t\t\t\t<div class=\"e-con-inner\">\n\t\t\t\t<div class=\"elementor-element elementor-element-b08e834 elementor-widget elementor-widget-heading\" data-id=\"b08e834\" data-element_type=\"widget\" data-e-type=\"widget\" data-widget_type=\"heading.default\">\n\t\t\t\t\t<h2 class=\"elementor-heading-title elementor-size-default\">Conoce todos nuestros tratamientos<\/h2>\t\t\t\t<\/div>\n\t\t\t\t\t<\/div>\n\t\t\t\t<\/div>\n\t\t<div class=\"elementor-element elementor-element-e69134c e-flex e-con-boxed e-con e-parent\" data-id=\"e69134c\" data-element_type=\"container\" data-e-type=\"container\" data-settings=\"{&quot;background_background&quot;:&quot;classic&quot;}\">\n\t\t\t\t\t<div class=\"e-con-inner\">\n\t\t\t\t<div class=\"elementor-element elementor-element-44a31ae elementor-widget elementor-widget-heading\" data-id=\"44a31ae\" data-element_type=\"widget\" data-e-type=\"widget\" data-widget_type=\"heading.default\">\n\t\t\t\t\t<h2 class=\"elementor-heading-title elementor-size-default\">Services<\/h2>\t\t\t\t<\/div>\n\t\t\t\t\t<\/div>\n\t\t\t\t<\/div>\n\t\t<div class=\"elementor-element elementor-element-7e7dc8f e-flex e-con-boxed e-con e-parent\" data-id=\"7e7dc8f\" data-element_type=\"container\" data-e-type=\"container\">\n\t\t\t\t\t<div class=\"e-con-inner\">\n\t\t<div class=\"elementor-element elementor-element-737752f e-con-full e-flex e-con e-child\" data-id=\"737752f\" data-element_type=\"container\" data-e-type=\"container\">\n\t\t\t\t<div class=\"elementor-element elementor-element-188ba95 elementor-cta--skin-classic elementor-animated-content elementor-bg-transform elementor-bg-transform-zoom-in elementor-widget elementor-widget-call-to-action\" data-id=\"188ba95\" data-element_type=\"widget\" data-e-type=\"widget\" data-widget_type=\"call-to-action.default\">\n\t\t\t\t\t\t\t<div class=\"elementor-cta\">\n\t\t\t\t\t\t\t<div class=\"elementor-cta__content\">\n\t\t\t\t\n\t\t\t\t\t\t\t\t\t<h2 class=\"elementor-cta__title elementor-cta__content-item elementor-content-item\">\n\t\t\t\t\t\tPeinado\t\t\t\t\t<\/h2>\n\t\t\t\t\n\t\t\t\t\t\t\t\t\t<div class=\"elementor-cta__description elementor-cta__content-item elementor-content-item\">\n\t\t\t\t\t\tDise\u00f1amos peinados \u00fanicos que realzan tu estilo y personalidad, perfectos para cualquier evento o ocasi\u00f3n especial\t\t\t\t\t<\/div>\n\t\t\t\t\n\t\t\t\t\t\t\t<\/div>\n\t\t\t\t\t\t<\/div>\n\t\t\t\t\t\t<\/div>\n\t\t\t\t<\/div>\n\t\t<div class=\"elementor-element elementor-element-42348a9 e-con-full e-flex e-con e-child\" data-id=\"42348a9\" data-element_type=\"container\" data-e-type=\"container\">\n\t\t\t\t<div class=\"elementor-element elementor-element-cbd647e elementor-cta--skin-classic elementor-animated-content elementor-bg-transform elementor-bg-transform-zoom-in elementor-widget elementor-widget-call-to-action\" data-id=\"cbd647e\" data-element_type=\"widget\" data-e-type=\"widget\" data-widget_type=\"call-to-action.default\">\n\t\t\t\t\t\t\t<div class=\"elementor-cta\">\n\t\t\t\t\t\t\t<div class=\"elementor-cta__content\">\n\t\t\t\t\n\t\t\t\t\t\t\t\t\t<h2 class=\"elementor-cta__title elementor-cta__content-item elementor-content-item\">\n\t\t\t\t\t\tCorte\t\t\t\t\t<\/h2>\n\t\t\t\t\n\t\t\t\t\t\t\t\t\t<div class=\"elementor-cta__description elementor-cta__content-item elementor-content-item\">\n\t\t\t\t\t\tCortes modernos y adaptados a tu rostro y tipo de cabello, que te har\u00e1n lucir renovado y con estilo\t\t\t\t\t<\/div>\n\t\t\t\t\n\t\t\t\t\t\t\t<\/div>\n\t\t\t\t\t\t<\/div>\n\t\t\t\t\t\t<\/div>\n\t\t\t\t<\/div>\n\t\t<div class=\"elementor-element elementor-element-656eb2a e-con-full e-flex e-con e-child\" data-id=\"656eb2a\" data-element_type=\"container\" data-e-type=\"container\">\n\t\t\t\t<div class=\"elementor-element elementor-element-287f121 elementor-cta--skin-classic elementor-animated-content elementor-bg-transform elementor-bg-transform-zoom-in elementor-widget elementor-widget-call-to-action\" data-id=\"287f121\" data-element_type=\"widget\" data-e-type=\"widget\" data-widget_type=\"call-to-action.default\">\n\t\t\t\t\t\t\t<div class=\"elementor-cta\">\n\t\t\t\t\t\t\t<div class=\"elementor-cta__content\">\n\t\t\t\t\n\t\t\t\t\t\t\t\t\t<h2 class=\"elementor-cta__title elementor-cta__content-item elementor-content-item\">\n\t\t\t\t\t\tTintes\t\t\t\t\t<\/h2>\n\t\t\t\t\n\t\t\t\t\t\t\t\t\t<div class=\"elementor-cta__description elementor-cta__content-item elementor-content-item\">\n\t\t\t\t\t\tColores vibrantes y duraderos, aplicados con t\u00e9cnicas profesionales para un acabado natural y espectacular\t\t\t\t\t<\/div>\n\t\t\t\t\n\t\t\t\t\t\t\t<\/div>\n\t\t\t\t\t\t<\/div>\n\t\t\t\t\t\t<\/div>\n\t\t\t\t<\/div>\n\t\t<div class=\"elementor-element elementor-element-b97cf93 e-con-full e-flex e-con e-child\" data-id=\"b97cf93\" data-element_type=\"container\" data-e-type=\"container\">\n\t\t\t\t<div class=\"elementor-element elementor-element-fe150bb elementor-cta--skin-classic elementor-animated-content elementor-bg-transform elementor-bg-transform-zoom-in elementor-widget elementor-widget-call-to-action\" data-id=\"fe150bb\" data-element_type=\"widget\" data-e-type=\"widget\" data-widget_type=\"call-to-action.default\">\n\t\t\t\t\t\t\t<div class=\"elementor-cta\">\n\t\t\t\t\t\t\t<div class=\"elementor-cta__content\">\n\t\t\t\t\n\t\t\t\t\t\t\t\t\t<h2 class=\"elementor-cta__title elementor-cta__content-item elementor-content-item\">\n\t\t\t\t\t\tMechas\t\t\t\t\t<\/h2>\n\t\t\t\t\n\t\t\t\t\t\t\t\t\t<div class=\"elementor-cta__description elementor-cta__content-item elementor-content-item\">\n\t\t\t\t\t\tIlumina tu cabello con mechas sutiles o marcadas, logrando un efecto de luz y profundidad que resalta tu look\t\t\t\t\t<\/div>\n\t\t\t\t\n\t\t\t\t\t\t\t<\/div>\n\t\t\t\t\t\t<\/div>\n\t\t\t\t\t\t<\/div>\n\t\t\t\t<\/div>\n\t\t<div class=\"elementor-element elementor-element-d0ba80d e-con-full e-flex e-con e-child\" data-id=\"d0ba80d\" data-element_type=\"container\" data-e-type=\"container\">\n\t\t\t\t<div class=\"elementor-element elementor-element-8068d9c elementor-cta--skin-classic elementor-animated-content elementor-bg-transform elementor-bg-transform-zoom-in elementor-widget elementor-widget-call-to-action\" data-id=\"8068d9c\" data-element_type=\"widget\" data-e-type=\"widget\" data-widget_type=\"call-to-action.default\">\n\t\t\t\t\t\t\t<div class=\"elementor-cta\">\n\t\t\t\t\t\t\t<div class=\"elementor-cta__content\">\n\t\t\t\t\n\t\t\t\t\t\t\t\t\t<h2 class=\"elementor-cta__title elementor-cta__content-item elementor-content-item\">\n\t\t\t\t\t\tDecoloraciones\t\t\t\t\t<\/h2>\n\t\t\t\t\n\t\t\t\t\t\t\t\t\t<div class=\"elementor-cta__description elementor-cta__content-item elementor-content-item\">\n\t\t\t\t\t\tAclara tu cabello de manera segura, preparando la base ideal para nuevos colores o estilos atrevidos\t\t\t\t\t<\/div>\n\t\t\t\t\n\t\t\t\t\t\t\t<\/div>\n\t\t\t\t\t\t<\/div>\n\t\t\t\t\t\t<\/div>\n\t\t\t\t<\/div>\n\t\t<div class=\"elementor-element elementor-element-d4d56f7 e-con-full e-flex e-con e-child\" data-id=\"d4d56f7\" data-element_type=\"container\" data-e-type=\"container\">\n\t\t\t\t<div class=\"elementor-element elementor-element-e4d6efc elementor-cta--skin-classic elementor-animated-content elementor-bg-transform elementor-bg-transform-zoom-in elementor-widget elementor-widget-call-to-action\" data-id=\"e4d6efc\" data-element_type=\"widget\" data-e-type=\"widget\" data-widget_type=\"call-to-action.default\">\n\t\t\t\t\t\t\t<div class=\"elementor-cta\">\n\t\t\t\t\t\t\t<div class=\"elementor-cta__content\">\n\t\t\t\t\n\t\t\t\t\t\t\t\t\t<h2 class=\"elementor-cta__title elementor-cta__content-item elementor-content-item\">\n\t\t\t\t\t\tBrillos\t\t\t\t\t<\/h2>\n\t\t\t\t\n\t\t\t\t\t\t\t\t\t<div class=\"elementor-cta__description elementor-cta__content-item elementor-content-item\">\n\t\t\t\t\t\tTratamientos que aportan luminosidad y vida a tu melena, dejando un acabado brillante y saludable\t\t\t\t\t<\/div>\n\t\t\t\t\n\t\t\t\t\t\t\t<\/div>\n\t\t\t\t\t\t<\/div>\n\t\t\t\t\t\t<\/div>\n\t\t\t\t<\/div>\n\t\t<div class=\"elementor-element elementor-element-b59e4dc e-con-full e-flex e-con e-child\" data-id=\"b59e4dc\" data-element_type=\"container\" data-e-type=\"container\">\n\t\t\t\t<div class=\"elementor-element elementor-element-c99bbf6 elementor-cta--skin-classic elementor-animated-content elementor-bg-transform elementor-bg-transform-zoom-in elementor-widget elementor-widget-call-to-action\" data-id=\"c99bbf6\" data-element_type=\"widget\" data-e-type=\"widget\" data-widget_type=\"call-to-action.default\">\n\t\t\t\t\t\t\t<div class=\"elementor-cta\">\n\t\t\t\t\t\t\t<div class=\"elementor-cta__content\">\n\t\t\t\t\n\t\t\t\t\t\t\t\t\t<h2 class=\"elementor-cta__title elementor-cta__content-item elementor-content-item\">\n\t\t\t\t\t\tHidrataci\u00f3n\t\t\t\t\t<\/h2>\n\t\t\t\t\n\t\t\t\t\t\t\t\t\t<div class=\"elementor-cta__description elementor-cta__content-item elementor-content-item\">\n\t\t\t\t\t\tNutre y repara tu cabello desde la ra\u00edz hasta las puntas, devolvi\u00e9ndole suavidad, fuerza y vitalidad\t\t\t\t\t<\/div>\n\t\t\t\t\n\t\t\t\t\t\t\t<\/div>\n\t\t\t\t\t\t<\/div>\n\t\t\t\t\t\t<\/div>\n\t\t\t\t<\/div>\n\t\t<div class=\"elementor-element elementor-element-9b45768 e-con-full e-flex e-con e-child\" data-id=\"9b45768\" data-element_type=\"container\" data-e-type=\"container\">\n\t\t\t\t<div class=\"elementor-element elementor-element-47ead10 elementor-cta--skin-classic elementor-animated-content elementor-bg-transform elementor-bg-transform-zoom-in elementor-widget elementor-widget-call-to-action\" data-id=\"47ead10\" data-element_type=\"widget\" data-e-type=\"widget\" data-widget_type=\"call-to-action.default\">\n\t\t\t\t\t\t\t<div class=\"elementor-cta\">\n\t\t\t\t\t\t\t<div class=\"elementor-cta__content\">\n\t\t\t\t\n\t\t\t\t\t\t\t\t\t<h2 class=\"elementor-cta__title elementor-cta__content-item elementor-content-item\">\n\t\t\t\t\t\tPeinados lisos\t\t\t\t\t<\/h2>\n\t\t\t\t\n\t\t\t\t\t\t\t\t\t<div class=\"elementor-cta__description elementor-cta__content-item elementor-content-item\">\n\t\t\t\t\t\tAlisa tu cabello con t\u00e9cnicas profesionales, logrando un estilo elegante, uniforme y sin frizz\t\t\t\t\t<\/div>\n\t\t\t\t\n\t\t\t\t\t\t\t<\/div>\n\t\t\t\t\t\t<\/div>\n\t\t\t\t\t\t<\/div>\n\t\t\t\t<\/div>\n\t\t<div class=\"elementor-element elementor-element-d0e613e e-con-full e-flex e-con e-child\" data-id=\"d0e613e\" data-element_type=\"container\" data-e-type=\"container\">\n\t\t\t\t<div class=\"elementor-element elementor-element-189c040 elementor-cta--skin-classic elementor-animated-content elementor-bg-transform elementor-bg-transform-zoom-in elementor-widget elementor-widget-call-to-action\" data-id=\"189c040\" data-element_type=\"widget\" data-e-type=\"widget\" data-widget_type=\"call-to-action.default\">\n\t\t\t\t\t\t\t<div class=\"elementor-cta\">\n\t\t\t\t\t\t\t<div class=\"elementor-cta__content\">\n\t\t\t\t\n\t\t\t\t\t\t\t\t\t<h2 class=\"elementor-cta__title elementor-cta__content-item elementor-content-item\">\n\t\t\t\t\t\tPeinados rizados\t\t\t\t\t<\/h2>\n\t\t\t\t\n\t\t\t\t\t\t\t\t\t<div class=\"elementor-cta__description elementor-cta__content-item elementor-content-item\">\n\t\t\t\t\t\tDefine y resalta tus rizos con volumen y movimiento, manteniendo su elasticidad y forma natural\t\t\t\t\t<\/div>\n\t\t\t\t\n\t\t\t\t\t\t\t<\/div>\n\t\t\t\t\t\t<\/div>\n\t\t\t\t\t\t<\/div>\n\t\t\t\t<\/div>\n\t\t\t\t\t<\/div>\n\t\t\t\t<\/div>\n\t\t<div class=\"elementor-element elementor-element-784953e e-flex e-con-boxed e-con e-parent\" data-id=\"784953e\" data-element_type=\"container\" data-e-type=\"container\" data-settings=\"{&quot;background_background&quot;:&quot;classic&quot;}\">\n\t\t\t\t\t<div class=\"e-con-inner\">\n\t\t\t\t<div class=\"elementor-element elementor-element-9204454 elementor-widget-mobile__width-initial elementor-widget elementor-widget-heading\" data-id=\"9204454\" data-element_type=\"widget\" data-e-type=\"widget\" data-widget_type=\"heading.default\">\n\t\t\t\t\t<h2 class=\"elementor-heading-title elementor-size-default\">D\u00e9janos cuidar de ti y tu cabello<\/h2>\t\t\t\t<\/div>\n\t\t\t\t<div class=\"elementor-element elementor-element-80d3d7c elementor-align-center elementor-widget elementor-widget-button\" data-id=\"80d3d7c\" data-element_type=\"widget\" data-e-type=\"widget\" data-widget_type=\"button.default\">\n\t\t\t\t\t\t\t\t\t\t<a class=\"elementor-button elementor-button-link elementor-size-sm\" href=\"\/en\/contacto\/\">\n\t\t\t\t\t\t<span class=\"elementor-button-content-wrapper\">\n\t\t\t\t\t\t\t\t\t<span class=\"elementor-button-text\">Cont\u00e1ctanos<\/span>\n\t\t\t\t\t<\/span>\n\t\t\t\t\t<\/a>\n\t\t\t\t\t\t\t\t<\/div>\n\t\t\t\t\t<\/div>\n\t\t\t\t<\/div>\n\t\t\t\t<\/div>","protected":false},"excerpt":{"rendered":"<p>Conoce todos nuestros tratamientos Servicios Peinado Dise\u00f1amos peinados \u00fanicos que realzan tu estilo y personalidad, perfectos para cualquier evento o ocasi\u00f3n especial Corte Cortes modernos y adaptados a tu rostro y tipo de cabello, que te har\u00e1n lucir renovado y con estilo Tintes Colores vibrantes y duraderos, aplicados con t\u00e9cnicas profesionales para un acabado natural [&hellip;]<\/p>\n","protected":false},"author":1,"featured_media":0,"parent":0,"menu_order":0,"comment_status":"closed","ping_status":"closed","template":"elementor_canvas","meta":{"footnotes":""},"class_list":["post-13","page","type-page","status-publish","hentry"],"yoast_head":"<!-- This site is optimized with the Yoast SEO plugin v27.3 - https:\/\/yoast.com\/product\/yoast-seo-wordpress\/ -->\n<title>Servicios - Esther peluqueros<\/title>\n<meta name=\"robots\" content=\"index, follow, max-snippet:-1, max-image-preview:large, max-video-preview:-1\" \/>\n<link rel=\"canonical\" href=\"https:\/\/estherpeluqueros.es\/en\/servicios\/\" \/>\n<meta property=\"og:locale\" content=\"en_US\" \/>\n<meta property=\"og:type\" content=\"article\" \/>\n<meta property=\"og:title\" content=\"Servicios - Esther peluqueros\" \/>\n<meta property=\"og:description\" content=\"Conoce todos nuestros tratamientos Servicios Peinado Dise\u00f1amos peinados \u00fanicos que realzan tu estilo y personalidad, perfectos para cualquier evento o ocasi\u00f3n especial Corte Cortes modernos y adaptados a tu rostro y tipo de cabello, que te har\u00e1n lucir renovado y con estilo Tintes Colores vibrantes y duraderos, aplicados con t\u00e9cnicas profesionales para un acabado natural [&hellip;]\" \/>\n<meta property=\"og:url\" content=\"https:\/\/estherpeluqueros.es\/en\/servicios\/\" \/>\n<meta property=\"og:site_name\" content=\"Esther peluqueros\" \/>\n<meta property=\"article:modified_time\" content=\"2026-01-22T13:52:58+00:00\" \/>\n<meta name=\"twitter:card\" content=\"summary_large_image\" \/>\n<meta name=\"twitter:label1\" content=\"Est. reading time\" \/>\n\t<meta name=\"twitter:data1\" content=\"1 minute\" \/>\n<script type=\"application\/ld+json\" class=\"yoast-schema-graph\">{\"@context\":\"https:\\\/\\\/schema.org\",\"@graph\":[{\"@type\":\"WebPage\",\"@id\":\"https:\\\/\\\/estherpeluqueros.es\\\/servicios\\\/\",\"url\":\"https:\\\/\\\/estherpeluqueros.es\\\/servicios\\\/\",\"name\":\"Servicios - Esther peluqueros\",\"isPartOf\":{\"@id\":\"https:\\\/\\\/estherpeluqueros.es\\\/#website\"},\"datePublished\":\"2026-01-21T16:41:17+00:00\",\"dateModified\":\"2026-01-22T13:52:58+00:00\",\"breadcrumb\":{\"@id\":\"https:\\\/\\\/estherpeluqueros.es\\\/servicios\\\/#breadcrumb\"},\"inLanguage\":\"en-US\",\"potentialAction\":[{\"@type\":\"ReadAction\",\"target\":[\"https:\\\/\\\/estherpeluqueros.es\\\/servicios\\\/\"]}]},{\"@type\":\"BreadcrumbList\",\"@id\":\"https:\\\/\\\/estherpeluqueros.es\\\/servicios\\\/#breadcrumb\",\"itemListElement\":[{\"@type\":\"ListItem\",\"position\":1,\"name\":\"Portada\",\"item\":\"https:\\\/\\\/estherpeluqueros.es\\\/\"},{\"@type\":\"ListItem\",\"position\":2,\"name\":\"Servicios\"}]},{\"@type\":\"WebSite\",\"@id\":\"https:\\\/\\\/estherpeluqueros.es\\\/#website\",\"url\":\"https:\\\/\\\/estherpeluqueros.es\\\/\",\"name\":\"Esther peluqueros\",\"description\":\"\",\"publisher\":{\"@id\":\"https:\\\/\\\/estherpeluqueros.es\\\/#organization\"},\"potentialAction\":[{\"@type\":\"SearchAction\",\"target\":{\"@type\":\"EntryPoint\",\"urlTemplate\":\"https:\\\/\\\/estherpeluqueros.es\\\/?s={search_term_string}\"},\"query-input\":{\"@type\":\"PropertyValueSpecification\",\"valueRequired\":true,\"valueName\":\"search_term_string\"}}],\"inLanguage\":\"en-US\"},{\"@type\":\"Organization\",\"@id\":\"https:\\\/\\\/estherpeluqueros.es\\\/#organization\",\"name\":\"Esther peluqueros\",\"url\":\"https:\\\/\\\/estherpeluqueros.es\\\/\",\"logo\":{\"@type\":\"ImageObject\",\"inLanguage\":\"en-US\",\"@id\":\"https:\\\/\\\/estherpeluqueros.es\\\/#\\\/schema\\\/logo\\\/image\\\/\",\"url\":\"https:\\\/\\\/estherpeluqueros.es\\\/wp-content\\\/uploads\\\/2026\\\/01\\\/estherpeluqueros202511b_logoarriba.jpg\",\"contentUrl\":\"https:\\\/\\\/estherpeluqueros.es\\\/wp-content\\\/uploads\\\/2026\\\/01\\\/estherpeluqueros202511b_logoarriba.jpg\",\"width\":280,\"height\":204,\"caption\":\"Esther peluqueros\"},\"image\":{\"@id\":\"https:\\\/\\\/estherpeluqueros.es\\\/#\\\/schema\\\/logo\\\/image\\\/\"}}]}<\/script>\n<!-- \/ Yoast SEO plugin. -->","yoast_head_json":{"title":"Servicios - Esther peluqueros","robots":{"index":"index","follow":"follow","max-snippet":"max-snippet:-1","max-image-preview":"max-image-preview:large","max-video-preview":"max-video-preview:-1"},"canonical":"https:\/\/estherpeluqueros.es\/en\/servicios\/","og_locale":"en_US","og_type":"article","og_title":"Servicios - Esther peluqueros","og_description":"Conoce todos nuestros tratamientos Servicios Peinado Dise\u00f1amos peinados \u00fanicos que realzan tu estilo y personalidad, perfectos para cualquier evento o ocasi\u00f3n especial Corte Cortes modernos y adaptados a tu rostro y tipo de cabello, que te har\u00e1n lucir renovado y con estilo Tintes Colores vibrantes y duraderos, aplicados con t\u00e9cnicas profesionales para un acabado natural [&hellip;]","og_url":"https:\/\/estherpeluqueros.es\/en\/servicios\/","og_site_name":"Esther peluqueros","article_modified_time":"2026-01-22T13:52:58+00:00","twitter_card":"summary_large_image","twitter_misc":{"Est. reading time":"1 minute"},"schema":{"@context":"https:\/\/schema.org","@graph":[{"@type":"WebPage","@id":"https:\/\/estherpeluqueros.es\/servicios\/","url":"https:\/\/estherpeluqueros.es\/servicios\/","name":"Servicios - Esther peluqueros","isPartOf":{"@id":"https:\/\/estherpeluqueros.es\/#website"},"datePublished":"2026-01-21T16:41:17+00:00","dateModified":"2026-01-22T13:52:58+00:00","breadcrumb":{"@id":"https:\/\/estherpeluqueros.es\/servicios\/#breadcrumb"},"inLanguage":"en-US","potentialAction":[{"@type":"ReadAction","target":["https:\/\/estherpeluqueros.es\/servicios\/"]}]},{"@type":"BreadcrumbList","@id":"https:\/\/estherpeluqueros.es\/servicios\/#breadcrumb","itemListElement":[{"@type":"ListItem","position":1,"name":"Portada","item":"https:\/\/estherpeluqueros.es\/"},{"@type":"ListItem","position":2,"name":"Servicios"}]},{"@type":"WebSite","@id":"https:\/\/estherpeluqueros.es\/#website","url":"https:\/\/estherpeluqueros.es\/","name":"Esther peluqueros","description":"","publisher":{"@id":"https:\/\/estherpeluqueros.es\/#organization"},"potentialAction":[{"@type":"SearchAction","target":{"@type":"EntryPoint","urlTemplate":"https:\/\/estherpeluqueros.es\/?s={search_term_string}"},"query-input":{"@type":"PropertyValueSpecification","valueRequired":true,"valueName":"search_term_string"}}],"inLanguage":"en-US"},{"@type":"Organization","@id":"https:\/\/estherpeluqueros.es\/#organization","name":"Esther peluqueros","url":"https:\/\/estherpeluqueros.es\/","logo":{"@type":"ImageObject","inLanguage":"en-US","@id":"https:\/\/estherpeluqueros.es\/#\/schema\/logo\/image\/","url":"https:\/\/estherpeluqueros.es\/wp-content\/uploads\/2026\/01\/estherpeluqueros202511b_logoarriba.jpg","contentUrl":"https:\/\/estherpeluqueros.es\/wp-content\/uploads\/2026\/01\/estherpeluqueros202511b_logoarriba.jpg","width":280,"height":204,"caption":"Esther peluqueros"},"image":{"@id":"https:\/\/estherpeluqueros.es\/#\/schema\/logo\/image\/"}}]}},"_links":{"self":[{"href":"https:\/\/estherpeluqueros.es\/en\/wp-json\/wp\/v2\/pages\/13","targetHints":{"allow":["GET"]}}],"collection":[{"href":"https:\/\/estherpeluqueros.es\/en\/wp-json\/wp\/v2\/pages"}],"about":[{"href":"https:\/\/estherpeluqueros.es\/en\/wp-json\/wp\/v2\/types\/page"}],"author":[{"embeddable":true,"href":"https:\/\/estherpeluqueros.es\/en\/wp-json\/wp\/v2\/users\/1"}],"replies":[{"embeddable":true,"href":"https:\/\/estherpeluqueros.es\/en\/wp-json\/wp\/v2\/comments?post=13"}],"version-history":[{"count":25,"href":"https:\/\/estherpeluqueros.es\/en\/wp-json\/wp\/v2\/pages\/13\/revisions"}],"predecessor-version":[{"id":186,"href":"https:\/\/estherpeluqueros.es\/en\/wp-json\/wp\/v2\/pages\/13\/revisions\/186"}],"wp:attachment":[{"href":"https:\/\/estherpeluqueros.es\/en\/wp-json\/wp\/v2\/media?parent=13"}],"curies":[{"name":"wp","href":"https:\/\/api.w.org\/{rel}","templated":true}]}}